{"id":1045,"date":"2022-12-08T03:45:13","date_gmt":"2022-12-08T02:45:13","guid":{"rendered":"https:\/\/futureisyouth.com\/?page_id=1045"},"modified":"2022-12-08T03:48:54","modified_gmt":"2022-12-08T02:48:54","slug":"coaching-supportive-conversation","status":"publish","type":"page","link":"https:\/\/futureisyouth.com\/hu\/coaching-supportive-conversation\/","title":{"rendered":"Coaching &#8211; supportive conversation"},"content":{"rendered":"<div data-elementor-type=\"wp-page\" data-elementor-id=\"1045\" class=\"elementor elementor-1045\" data-elementor-post-type=\"page\">\n\t\t\t\t<div class=\"elementor-element elementor-element-3885380 e-flex e-con-boxed e-con e-parent\" data-id=\"3885380\" data-element_type=\"container\" data-e-type=\"container\" data-settings=\"{&quot;background_background&quot;:&quot;gradient&quot;}\">\n\t\t\t\t\t<div class=\"e-con-inner\">\n\t\t<div class=\"elementor-element elementor-element-9e7727b e-flex e-con-boxed e-con e-parent\" data-id=\"9e7727b\" data-element_type=\"container\" data-e-type=\"container\">\n\t\t\t\t\t<div class=\"e-con-inner\">\n\t\t\t\t<div class=\"elementor-element elementor-element-6a05ef9 elementor-invisible elementor-widget elementor-widget-heading\" data-id=\"6a05ef9\" data-element_type=\"widget\" data-e-type=\"widget\" data-settings=\"{&quot;_animation&quot;:&quot;fadeIn&quot;}\" data-widget_type=\"heading.default\">\n\t\t\t\t<div class=\"elementor-widget-container\">\n\t\t\t\t\t<h1 class=\"elementor-heading-title elementor-size-default\">Coaching &#8211; supportive conversation<\/h1>\t\t\t\t<\/div>\n\t\t\t\t<\/div>\n\t\t\t\t\t<\/div>\n\t\t\t\t<\/div>\n\t\t\t\t\t<\/div>\n\t\t\t\t<\/div>\n\t\t<div class=\"elementor-element elementor-element-566a28f e-flex e-con-boxed e-con e-parent\" data-id=\"566a28f\" data-element_type=\"container\" data-e-type=\"container\">\n\t\t\t\t\t<div class=\"e-con-inner\">\n\t\t<div class=\"elementor-element elementor-element-c8415db e-con-full e-flex e-con e-parent\" data-id=\"c8415db\" data-element_type=\"container\" data-e-type=\"container\">\n\t\t\t\t<div class=\"elementor-element elementor-element-ff100e5 elementor-widget elementor-widget-text-editor\" data-id=\"ff100e5\" data-element_type=\"widget\" data-e-type=\"widget\" data-widget_type=\"text-editor.default\">\n\t\t\t\t<div class=\"elementor-widget-container\">\n\t\t\t\t\t\t\t\t\t<p>In our programmes at Academy of Experience, we often work with\/meet participants whose lives are rarely, if ever, supported by mental health or even just simple supportive conversations: young people from Roma backgrounds, growing up in extreme poverty, children in foster care or young people serving time in prison and about to be released (in most cases secretly fearing it). In their case, it is particularly important to make the most of even one conversation or meeting, because there may not be a next. It is important to us that our participants, whatever their life situation, can draw strength from the experience they get from\u00a0 Academy of Experience programmes. One possible means of doing this is the mental health supportive conversation named after C. R. Rogers.<\/p>\t\t\t\t\t\t\t\t<\/div>\n\t\t\t\t<\/div>\n\t\t\t\t<\/div>\n\t\t<div class=\"elementor-element elementor-element-e5a27a0 e-con-full e-flex e-con e-parent\" data-id=\"e5a27a0\" data-element_type=\"container\" data-e-type=\"container\">\n\t\t\t\t<div data-dce-title-color=\"#101828\" class=\"elementor-element elementor-element-464744b elementor-invisible elementor-widget elementor-widget-heading\" data-id=\"464744b\" data-element_type=\"widget\" data-e-type=\"widget\" data-settings=\"{&quot;_animation&quot;:&quot;fadeIn&quot;,&quot;_animation_delay&quot;:200}\" data-widget_type=\"heading.default\">\n\t\t\t\t<div class=\"elementor-widget-container\">\n\t\t\t\t\t<h3 class=\"elementor-heading-title elementor-size-default\">Supportive conversation<\/h3>\t\t\t\t<\/div>\n\t\t\t\t<\/div>\n\t\t\t\t<div class=\"elementor-element elementor-element-03a70f4 elementor-widget elementor-widget-text-editor\" data-id=\"03a70f4\" data-element_type=\"widget\" data-e-type=\"widget\" data-widget_type=\"text-editor.default\">\n\t\t\t\t<div class=\"elementor-widget-container\">\n\t\t\t\t\t\t\t\t\t<p>The purpose of a supportive conversation is to provide non-directive help to restore the mental balance of someone who is otherwise mentally healthy, but who is currently experiencing some kind of blockage, difficulty or crisis. It is based on a person-centred approach, one of the basic principles of which is the trust that the helper conveys to the client: that is, the facilitator builds on the pretense that the client is in possession of the resources that can be mobilised to identify the causes of his\/her stagnation, see the way forward and start to find his\/her own solution. The triad of Rogers&#8217; approach is authenticity, empathy and unconditional acceptance, which together become something more, give more than they would separately. He also considered this valid in areas outside of therapeutic work: in leadership, in child-rearing, in school, in educational situations, in fact wherever we deal with people. As Rogers puts it: \u201cWhen I am empathically sensitive enough to understand the client&#8217;s feelings, when I can accept the client as a full individual, the client starts moving in a positive, constructive direction towards self-realization: towards growth, maturity, socialization.\u201d \u00a0(Rogers C R, 2015, p.56)<\/p><p>It is very important that during the supportive conversation the facilitator does not use his\/her added mental health knowledge to give advice to the person asking for help, but to help the person to find his\/her own solutions, to accompany and support him\/her on this way by listening, understanding attention, non-directive questions and active presence.<\/p><p>\u00a0<\/p><p><strong>Coaching conversation<\/strong><\/p><p>In addition to discovering and reaffirming their existing skills and abilities, coaching helps the client (coachee) to become more aware of his\/her own functioning, to find the next step in case of a problem, to find his\/her own solutions.\u00a0<\/p><p>The most frequently used coaching approach on Academy of Experience programmes is Solution Focused\/Brief coaching, in which the clients&#8217; attention is oriented towards the present and future progress instead of past stumbling blocks, towards hopes instead of threats, towards visible signs of advancements instead of difficulties. We look for the observable moments of the desired future &#8211; increasing and expanding the client&#8217;s possibilities for action.<\/p><p>Compared to the non-directive supportive conversation, the difference is that its topic is more targeted, it focuses more on the future or on more concrete goals formulated by the client, on the articulation, visioning, and circumspection of the goals, thus its questions are more directive. The Rogersian person-centered approach permeates both, taking it as its starting point. Our experience has shown that, depending on the topic, it is advisable to use the tool that best fits the client&#8217;s case, mental state and goals.\u00a0<\/p>\t\t\t\t\t\t\t\t<\/div>\n\t\t\t\t<\/div>\n\t\t\t\t<\/div>\n\t\t<div class=\"elementor-element elementor-element-c7bbe43 e-con-full e-flex e-con e-parent\" data-id=\"c7bbe43\" data-element_type=\"container\" data-e-type=\"container\">\n\t\t\t\t<div data-dce-title-color=\"#101828\" class=\"elementor-element elementor-element-787ce02 elementor-invisible elementor-widget elementor-widget-heading\" data-id=\"787ce02\" data-element_type=\"widget\" data-e-type=\"widget\" data-settings=\"{&quot;_animation&quot;:&quot;fadeIn&quot;,&quot;_animation_delay&quot;:200}\" data-widget_type=\"heading.default\">\n\t\t\t\t<div class=\"elementor-widget-container\">\n\t\t\t\t\t<h3 class=\"elementor-heading-title elementor-size-default\">Sources<\/h3>\t\t\t\t<\/div>\n\t\t\t\t<\/div>\n\t\t\t\t<div class=\"elementor-element elementor-element-a47fc03 elementor-widget elementor-widget-text-editor\" data-id=\"a47fc03\" data-element_type=\"widget\" data-e-type=\"widget\" data-widget_type=\"text-editor.default\">\n\t\t\t\t<div class=\"elementor-widget-container\">\n\t\t\t\t\t\t\t\t\t<p>ROGERS C R (2008) <em>Tal\u00e1lkoz\u00e1sok &#8211; A szem\u00e9lyk\u00f6zpont\u00fa csoport<\/em> Budapest: Edge 2000 Kft.<\/p><p>ROGERS C R (2015) <em>Valakiv\u00e9 v\u00e1lni &#8211; A szem\u00e9lyis\u00e9g sz\u00fclet\u00e9se<\/em>, Budapest: Edge 2000 Kft.<\/p><p><em>BERG I K (2015). Konzult\u00e1ci\u00f3 sokprobl\u00e9m\u00e1s csal\u00e1dokkal;<\/em> Budapest: Animula Kiad\u00f3<\/p><p>DE SHAZER S (1988) <em>Clues:Investing Solution in Brief Therapy<\/em> New York: Norton<\/p><p>MOON HAESUN (2022) <em>Coaching A to Z: The Extraordinary Use of Ordinary Words<\/em>: Page Two<\/p><p>SZAB\u00d3 P &#8211; MEIER D &#8211; HANKOVSZKY K (2014) R\u00f6vid \u00e9s tart\u00f3s coaching. Megold\u00e1sk\u00f6zpont\u00fa besz\u00e9lget\u00e9sek. Budapest, SolutionSurfers<\/p>\t\t\t\t\t\t\t\t<\/div>\n\t\t\t\t<\/div>\n\t\t\t\t<\/div>\n\t\t\t\t\t<\/div>\n\t\t\t\t<\/div>\n\t\t\t\t<\/div>","protected":false},"excerpt":{"rendered":"<p>In our programmes at Academy of Experience, we often work with\/meet participants whose lives are rarely, if ever, supported by mental health or even just simple supportive conversations: young people from Roma backgrounds, growing up in extreme poverty, children in foster care or young people serving time in prison and about to be released (in [&hellip;]<\/p>\n","protected":false},"author":1,"featured_media":0,"parent":0,"menu_order":0,"comment_status":"closed","ping_status":"closed","template":"","meta":{"_acf_changed":false,"iawp_total_views":12,"footnotes":""},"class_list":["post-1045","page","type-page","status-publish","hentry"],"acf":[],"yoast_head":"<!-- This site is optimized with the Yoast SEO Premium plugin v26.2 (Yoast SEO v27.4) - https:\/\/yoast.com\/product\/yoast-seo-premium-wordpress\/ -->\n<title>Coaching - supportive conversation - Future is YOUth<\/title>\n<meta name=\"robots\" content=\"index, follow, max-snippet:-1, max-image-preview:large, max-video-preview:-1\" \/>\n<link rel=\"canonical\" href=\"https:\/\/futureisyouth.com\/hu\/coaching-supportive-conversation\/\" \/>\n<meta property=\"og:locale\" content=\"hu_HU\" \/>\n<meta property=\"og:type\" content=\"article\" \/>\n<meta property=\"og:title\" content=\"Coaching - supportive conversation\" \/>\n<meta property=\"og:description\" content=\"In our programmes at Academy of Experience, we often work with\/meet participants whose lives are rarely, if ever, supported by mental health or even just simple supportive conversations: young people from Roma backgrounds, growing up in extreme poverty, children in foster care or young people serving time in prison and about to be released (in [&hellip;]\" \/>\n<meta property=\"og:url\" content=\"https:\/\/futureisyouth.com\/hu\/coaching-supportive-conversation\/\" \/>\n<meta property=\"og:site_name\" content=\"Future is YOUth\" \/>\n<meta property=\"article:publisher\" content=\"https:\/\/www.facebook.com\/profile.php?id=100085002957834\" \/>\n<meta property=\"article:modified_time\" content=\"2022-12-08T02:48:54+00:00\" \/>\n<meta property=\"og:image\" content=\"https:\/\/futureisyouth.com\/wp-content\/uploads\/2024\/01\/FIY-Social-Image.jpg\" \/>\n\t<meta property=\"og:image:width\" content=\"1200\" \/>\n\t<meta property=\"og:image:height\" content=\"675\" \/>\n\t<meta property=\"og:image:type\" content=\"image\/jpeg\" \/>\n<meta name=\"twitter:card\" content=\"summary_large_image\" \/>\n<meta name=\"twitter:label1\" content=\"Becs\u00fclt olvas\u00e1si id\u0151\" \/>\n\t<meta name=\"twitter:data1\" content=\"3 perc\" \/>\n<script type=\"application\/ld+json\" class=\"yoast-schema-graph\">{\"@context\":\"https:\\\/\\\/schema.org\",\"@graph\":[{\"@type\":\"WebPage\",\"@id\":\"https:\\\/\\\/futureisyouth.com\\\/coaching-supportive-conversation\\\/\",\"url\":\"https:\\\/\\\/futureisyouth.com\\\/coaching-supportive-conversation\\\/\",\"name\":\"Coaching - supportive conversation - Future is YOUth\",\"isPartOf\":{\"@id\":\"https:\\\/\\\/futureisyouth.com\\\/#website\"},\"datePublished\":\"2022-12-08T02:45:13+00:00\",\"dateModified\":\"2022-12-08T02:48:54+00:00\",\"breadcrumb\":{\"@id\":\"https:\\\/\\\/futureisyouth.com\\\/coaching-supportive-conversation\\\/#breadcrumb\"},\"inLanguage\":\"hu\",\"potentialAction\":[{\"@type\":\"ReadAction\",\"target\":[\"https:\\\/\\\/futureisyouth.com\\\/coaching-supportive-conversation\\\/\"]}]},{\"@type\":\"BreadcrumbList\",\"@id\":\"https:\\\/\\\/futureisyouth.com\\\/coaching-supportive-conversation\\\/#breadcrumb\",\"itemListElement\":[{\"@type\":\"ListItem\",\"position\":1,\"name\":\"Home\",\"item\":\"https:\\\/\\\/futureisyouth.com\\\/\"},{\"@type\":\"ListItem\",\"position\":2,\"name\":\"Coaching &#8211; supportive conversation\"}]},{\"@type\":\"WebSite\",\"@id\":\"https:\\\/\\\/futureisyouth.com\\\/#website\",\"url\":\"https:\\\/\\\/futureisyouth.com\\\/\",\"name\":\"Future is YOUth\",\"description\":\"Network for youth workers and organizations\",\"publisher\":{\"@id\":\"https:\\\/\\\/futureisyouth.com\\\/#organization\"},\"alternateName\":\"FIY\",\"potentialAction\":[{\"@type\":\"SearchAction\",\"target\":{\"@type\":\"EntryPoint\",\"urlTemplate\":\"https:\\\/\\\/futureisyouth.com\\\/?s={search_term_string}\"},\"query-input\":{\"@type\":\"PropertyValueSpecification\",\"valueRequired\":true,\"valueName\":\"search_term_string\"}}],\"inLanguage\":\"hu\"},{\"@type\":\"Organization\",\"@id\":\"https:\\\/\\\/futureisyouth.com\\\/#organization\",\"name\":\"Future is YOUth\",\"url\":\"https:\\\/\\\/futureisyouth.com\\\/\",\"logo\":{\"@type\":\"ImageObject\",\"inLanguage\":\"hu\",\"@id\":\"https:\\\/\\\/futureisyouth.com\\\/#\\\/schema\\\/logo\\\/image\\\/\",\"url\":\"https:\\\/\\\/futureisyouth.com\\\/wp-content\\\/uploads\\\/2022\\\/11\\\/future-is-youth-logo-horizontal.svg\",\"contentUrl\":\"https:\\\/\\\/futureisyouth.com\\\/wp-content\\\/uploads\\\/2022\\\/11\\\/future-is-youth-logo-horizontal.svg\",\"width\":247,\"height\":74,\"caption\":\"Future is YOUth\"},\"image\":{\"@id\":\"https:\\\/\\\/futureisyouth.com\\\/#\\\/schema\\\/logo\\\/image\\\/\"},\"sameAs\":[\"https:\\\/\\\/www.facebook.com\\\/profile.php?id=100085002957834\"]}]}<\/script>\n<!-- \/ Yoast SEO Premium plugin. -->","yoast_head_json":{"title":"Coaching - supportive conversation - Future is YOUth","robots":{"index":"index","follow":"follow","max-snippet":"max-snippet:-1","max-image-preview":"max-image-preview:large","max-video-preview":"max-video-preview:-1"},"canonical":"https:\/\/futureisyouth.com\/hu\/coaching-supportive-conversation\/","og_locale":"hu_HU","og_type":"article","og_title":"Coaching - supportive conversation","og_description":"In our programmes at Academy of Experience, we often work with\/meet participants whose lives are rarely, if ever, supported by mental health or even just simple supportive conversations: young people from Roma backgrounds, growing up in extreme poverty, children in foster care or young people serving time in prison and about to be released (in [&hellip;]","og_url":"https:\/\/futureisyouth.com\/hu\/coaching-supportive-conversation\/","og_site_name":"Future is YOUth","article_publisher":"https:\/\/www.facebook.com\/profile.php?id=100085002957834","article_modified_time":"2022-12-08T02:48:54+00:00","og_image":[{"width":1200,"height":675,"url":"https:\/\/futureisyouth.com\/wp-content\/uploads\/2024\/01\/FIY-Social-Image.jpg","type":"image\/jpeg"}],"twitter_card":"summary_large_image","twitter_misc":{"Becs\u00fclt olvas\u00e1si id\u0151":"3 perc"},"schema":{"@context":"https:\/\/schema.org","@graph":[{"@type":"WebPage","@id":"https:\/\/futureisyouth.com\/coaching-supportive-conversation\/","url":"https:\/\/futureisyouth.com\/coaching-supportive-conversation\/","name":"Coaching - supportive conversation - Future is YOUth","isPartOf":{"@id":"https:\/\/futureisyouth.com\/#website"},"datePublished":"2022-12-08T02:45:13+00:00","dateModified":"2022-12-08T02:48:54+00:00","breadcrumb":{"@id":"https:\/\/futureisyouth.com\/coaching-supportive-conversation\/#breadcrumb"},"inLanguage":"hu","potentialAction":[{"@type":"ReadAction","target":["https:\/\/futureisyouth.com\/coaching-supportive-conversation\/"]}]},{"@type":"BreadcrumbList","@id":"https:\/\/futureisyouth.com\/coaching-supportive-conversation\/#breadcrumb","itemListElement":[{"@type":"ListItem","position":1,"name":"Home","item":"https:\/\/futureisyouth.com\/"},{"@type":"ListItem","position":2,"name":"Coaching &#8211; supportive conversation"}]},{"@type":"WebSite","@id":"https:\/\/futureisyouth.com\/#website","url":"https:\/\/futureisyouth.com\/","name":"Future is YOUth","description":"Network for youth workers and organizations","publisher":{"@id":"https:\/\/futureisyouth.com\/#organization"},"alternateName":"FIY","potentialAction":[{"@type":"SearchAction","target":{"@type":"EntryPoint","urlTemplate":"https:\/\/futureisyouth.com\/?s={search_term_string}"},"query-input":{"@type":"PropertyValueSpecification","valueRequired":true,"valueName":"search_term_string"}}],"inLanguage":"hu"},{"@type":"Organization","@id":"https:\/\/futureisyouth.com\/#organization","name":"Future is YOUth","url":"https:\/\/futureisyouth.com\/","logo":{"@type":"ImageObject","inLanguage":"hu","@id":"https:\/\/futureisyouth.com\/#\/schema\/logo\/image\/","url":"https:\/\/futureisyouth.com\/wp-content\/uploads\/2022\/11\/future-is-youth-logo-horizontal.svg","contentUrl":"https:\/\/futureisyouth.com\/wp-content\/uploads\/2022\/11\/future-is-youth-logo-horizontal.svg","width":247,"height":74,"caption":"Future is YOUth"},"image":{"@id":"https:\/\/futureisyouth.com\/#\/schema\/logo\/image\/"},"sameAs":["https:\/\/www.facebook.com\/profile.php?id=100085002957834"]}]}},"_links":{"self":[{"href":"https:\/\/futureisyouth.com\/hu\/wp-json\/wp\/v2\/pages\/1045","targetHints":{"allow":["GET"]}}],"collection":[{"href":"https:\/\/futureisyouth.com\/hu\/wp-json\/wp\/v2\/pages"}],"about":[{"href":"https:\/\/futureisyouth.com\/hu\/wp-json\/wp\/v2\/types\/page"}],"author":[{"embeddable":true,"href":"https:\/\/futureisyouth.com\/hu\/wp-json\/wp\/v2\/users\/1"}],"replies":[{"embeddable":true,"href":"https:\/\/futureisyouth.com\/hu\/wp-json\/wp\/v2\/comments?post=1045"}],"version-history":[{"count":4,"href":"https:\/\/futureisyouth.com\/hu\/wp-json\/wp\/v2\/pages\/1045\/revisions"}],"predecessor-version":[{"id":1049,"href":"https:\/\/futureisyouth.com\/hu\/wp-json\/wp\/v2\/pages\/1045\/revisions\/1049"}],"wp:attachment":[{"href":"https:\/\/futureisyouth.com\/hu\/wp-json\/wp\/v2\/media?parent=1045"}],"curies":[{"name":"wp","href":"https:\/\/api.w.org\/{rel}","templated":true}]}}