{"id":3,"date":"2022-11-07T23:40:59","date_gmt":"2022-11-07T23:40:59","guid":{"rendered":"https:\/\/futureisyouth.com\/?page_id=3"},"modified":"2024-02-21T13:02:19","modified_gmt":"2024-02-21T12:02:19","slug":"privacy-policy","status":"publish","type":"page","link":"https:\/\/futureisyouth.com\/it\/privacy-policy\/","title":{"rendered":"Privacy Policy"},"content":{"rendered":"<div data-elementor-type=\"wp-page\" data-elementor-id=\"3\" class=\"elementor elementor-3\" data-elementor-post-type=\"page\">\n\t\t\t\t<div class=\"elementor-element elementor-element-615cedd e-flex e-con-boxed e-con e-parent\" data-id=\"615cedd\" data-element_type=\"container\" data-e-type=\"container\" data-settings=\"{&quot;background_background&quot;:&quot;gradient&quot;}\">\n\t\t\t\t\t<div class=\"e-con-inner\">\n\t\t<div class=\"elementor-element elementor-element-c9bb7ce e-con-full e-flex e-con e-child\" data-id=\"c9bb7ce\" data-element_type=\"container\" data-e-type=\"container\">\n\t\t\t\t<div class=\"elementor-element elementor-element-9ee3b24 elementor-invisible elementor-widget elementor-widget-heading\" data-id=\"9ee3b24\" data-element_type=\"widget\" data-e-type=\"widget\" data-settings=\"{&quot;_animation&quot;:&quot;fadeIn&quot;}\" data-widget_type=\"heading.default\">\n\t\t\t\t<div class=\"elementor-widget-container\">\n\t\t\t\t\t<h1 class=\"elementor-heading-title elementor-size-default\">Privacy Policy<\/h1>\t\t\t\t<\/div>\n\t\t\t\t<\/div>\n\t\t\t\t<\/div>\n\t\t\t\t\t<\/div>\n\t\t\t\t<\/div>\n\t\t<div class=\"elementor-element elementor-element-75cf648 e-flex e-con-boxed e-con e-parent\" data-id=\"75cf648\" data-element_type=\"container\" data-e-type=\"container\">\n\t\t\t\t\t<div class=\"e-con-inner\">\n\t\t<div class=\"elementor-element elementor-element-6183e98 e-con-full e-flex e-con e-child\" data-id=\"6183e98\" data-element_type=\"container\" data-e-type=\"container\">\n\t\t\t\t<div class=\"elementor-element elementor-element-ac07cb1 elementor-widget elementor-widget-text-editor\" data-id=\"ac07cb1\" data-element_type=\"widget\" data-e-type=\"widget\" data-widget_type=\"text-editor.default\">\n\t\t\t\t<div class=\"elementor-widget-container\">\n\t\t\t\t\t\t\t\t\t<p>\u2018\u00c9lm\u00e9nyakad\u00e9mia K\u00f6zhaszn\u00fa Egyes\u00fclet\u2019 (Academy of Experience Association) is committed to protecting the personal data of its members, volunteers, employees, agents, clients and partners. We treat personal information as confidential, and implement any security, technical and organisational measures that guarantee the safety of such data, and review these measures from time to time.<\/p>\n<h4>&nbsp;<\/h4>\n<h4>CONTACT DETAILS OF THE DATA CONTROLLER<\/h4>\n<p>Name of organisation: \u2018\u00c9lm\u00e9nyakad\u00e9mia K\u00f6zhaszn\u00fa Egyes\u00fclet\u2019 (Academy of Experience Association)<\/p>\n<p>Registered office, office address, and mailing address: Hungary, 1067 Budapest, Ter\u00e9z krt. 27. fsz. 5.<\/p>\n<p>Represented by: Mr. Andr\u00e1s Csapi managing director<\/p>\n<p>Phone number: +36&nbsp;30&nbsp;200&nbsp;7988<\/p>\n<p>Email: hello@elmenyakademia.hu<\/p>\n<p>VAT ID: 18188837-1-42<\/p>\n<p>Registration ID:&nbsp;<strong>&nbsp;<\/strong>01-02-0011799<\/p>\n<p>Website: www.elmenyakademia.hu<\/p>\n<h4>&nbsp;<\/h4>\n<h4>LEGAL COMPLIANCE<\/h4>\n<p>Our principles for data processing are in compliance with the applicable law related to data security:<\/p>\n<ul>\n<li>Act LXIII of 1992 on the Protection of Personal Data and the Disclosure of Information of Public Interest;<\/li>\n<li>Act CVIII of 2001 on Electronic Commerce and on Information Society Services;<\/li>\n<li>Act XLVIII of 2008 on the Basic Requirements of and Certain Restrictions on Commercial Advertising;<\/li>\n<li>Act CXII of 2011 on the Right to Informational Self-Determination and Freedom of Information;<\/li>\n<li>Regulation (EU) 2016\/679 of the European Parliament and of the Council on the protection of natural persons with regard to the processing of personal data and on the free movement of such data.&nbsp;&nbsp;<\/li>\n<\/ul>\n<h4>&nbsp;<\/h4>\n<h4>OUR PRIVACY PRINCIPLES<\/h4>\n<p>LAWFULNESS, FAIRNESS AND TRANSPARENCY<\/p>\n<p>When collecting and processing data, we always act in a fair and lawful manner, and in compliance with the purpose of data processing in each phase of data processing.<\/p>\n<p>PURPOSE LIMITATION<\/p>\n<p>We process personal data exclusively for the specified purpose, and to exercise a right or to fulfil an obligation.<\/p>\n<p>DATA MINIMISATION<\/p>\n<p>We process only such personal data and only for the period of time that is absolutely necessary and appropriate for achieving the purpose of data processing.&nbsp;&nbsp;<\/p>\n<p>ACCURACY<\/p>\n<p>During data processing, we seek to ensure that the data are accurate, complete and \u2013 if it is necessary in the context of the purpose of data processing \u2013 up-to-date.<\/p>\n<p>STORAGE LIMITATION<\/p>\n<p>We process personal data only to the extent and for the period necessary to achieve the purpose, and thereafter, we ensure that the data subject is unidentifiable.<\/p>\n<p>INTEGRITY AND CONFIDENTIALITY&nbsp;&nbsp;<\/p>\n<p>We ensure protecting the security of data processing through technical, organisational and systemic measures providing appropriate protection against the risks related to data processing.<\/p>\n<h4>&nbsp;<\/h4>\n<h4><strong>WHAT KIND OF PERSONAL DATA DO WE PROCESS?<\/strong><\/h4>\n<p><strong>Personal data<\/strong>&nbsp;mean every information that can be associated with the data subject, particularly the name and ID of the data subject, and one or more known factors specific to their physical, physiological, mental, economic, cultural or social identity \u2013, and all the conclusions that can be drawn from the data related to the data subject.&nbsp;&nbsp;<\/p>\n<p><strong>We process personal data only when<\/strong> the data subject has given their consent freely (legal basis based on consent) to use their data for the specific purpose.&nbsp; In certain cases, however, law permits the processing, storing and transferring of a specific subset of the data given (legal basis based on legal obligation).<\/p>\n<p><strong>\u2018\u00c9lm\u00e9nyakad\u00e9mia K\u00f6zhaszn\u00fa Egyes\u00fclet\u2019 (Academy of Experience Association) shall process only such data and only for the period of time absolutely necessary to exercise its activities effectively and efficiently.&nbsp;&nbsp;<\/strong>Scope of the data processed:<\/p>\n<p><strong>IN OWN DATABASES<\/strong><\/p>\n<table width=\"605\">\n<tbody>\n<tr>\n<td>\n<p><strong>Purpose of data processing&nbsp;&nbsp;<\/strong><\/p>\n<\/td>\n<td>\n<p><strong>Type of personal data<\/strong>&nbsp;&nbsp;<\/p>\n<\/td>\n<td>\n<p><strong>Legal basis<\/strong><\/p>\n<\/td>\n<\/tr>\n<tr>\n<td>\n<p>Data necessary to keep in contact with and inform individuals<\/p>\n<\/td>\n<td>\n<p>name, phone number, email address&nbsp;&nbsp;&nbsp;<\/p>\n<\/td>\n<td>\n<p>freely given consent&nbsp;<\/p>\n<\/td>\n<\/tr>\n<tr>\n<td>\n<p>Data necessary to keep up or establish collaboration&nbsp;<\/p>\n<\/td>\n<td>\n<p>CV, cover letter (together with name, email address, phone number)&nbsp;&nbsp;<\/p>\n<\/td>\n<td>\n<p>freely given consent, contractual legal basis<\/p>\n<\/td>\n<\/tr>\n<tr>\n<td>\n<p>Data necessary to keep up or establish business engagement<\/p>\n<\/td>\n<td>\n<p>name, phone number, email address, place of work, position&nbsp;<\/p>\n<\/td>\n<td>\n<p>freely given consent<\/p>\n<\/td>\n<\/tr>\n<tr>\n<td>\n<p>Data necessary to fulfil HR administration tasks<\/p>\n<\/td>\n<td>\n<p>contracts and payroll data of the members, employees, agents of the Association, etc.&nbsp;&nbsp;<\/p>\n<\/td>\n<td>\n<p>contractual legal basis<\/p>\n<\/td>\n<\/tr>\n<tr>\n<td>\n<p>Data necessary to fulfil accounting tasks and for tax compliance<\/p>\n<\/td>\n<td>\n<p>invoices, statements, income certificate, etc.&nbsp;<\/p>\n<\/td>\n<td>\n<p>contractual legal basis<\/p>\n<\/td>\n<\/tr>\n<tr>\n<td>\n<p>Data necessary to apply for trainings, events (hereinafter: programmes), and to have the programmes in a safe way<\/p>\n<\/td>\n<td>\n<p>name, phone number, email address, name of the programme, \u2018TAJ\u2019 (social security) number, data describing physical and health status&nbsp;<\/p>\n<\/td>\n<td>\n<p>freely given consent<\/p>\n<\/td>\n<\/tr>\n<tr>\n<td>\n<p>Photos and videos taken of the participants of our programmes<\/p>\n<\/td>\n<td>\n<p>content of the photos and videos, the image of the data subjects recorded therein, and also their voice if it\u2019s a video recording<\/p>\n<\/td>\n<td>\n<p>freely given consent<\/p>\n<\/td>\n<\/tr>\n<\/tbody>\n<\/table>\n<p><strong>SUBSCRIPTION TO NEWSLETTERS<\/strong><\/p>\n<p>We circulate our newsletter 3 or 4 times a year, informing the individuals who have subscribed to our mailing list about our current projects and events, voluntary, training and support options.<\/p>\n<table width=\"605\">\n<tbody>\n<tr>\n<td width=\"236\">\n<p><strong>Purpose of data processing<\/strong><\/p>\n<\/td>\n<td width=\"246\">\n<p><strong>Type of personal data<\/strong>&nbsp;<\/p>\n<\/td>\n<td width=\"123\">\n<p><strong>Legal basis<\/strong><\/p>\n<\/td>\n<\/tr>\n<tr>\n<td width=\"236\">\n<p>Circulating the newsletter<\/p>\n<\/td>\n<td width=\"246\">\n<p>name, email address, organisation<\/p>\n<\/td>\n<td width=\"123\">\n<p>freely given consent<\/p>\n<\/td>\n<\/tr>\n<\/tbody>\n<\/table>\n<p>Later, <strong>you can withdraw your consent or change your previously set preferences <\/strong>by using the link provided at the bottom of the newsletter, or via an email sent to the Association.<\/p>\n<p>We send our newsletters to you partly via Gmail mailing service, and partly via the newsletter distribution system of Mail Chimp. These services are committed to safeguarding personal data, and consider data privacy particularly important. They do not transfer data, lists, and email addresses to third parties. For more information on the privacy policy of Gmail mailing service, please click&nbsp;<a href=\"https:\/\/policies.google.com\/?hl=en\">here<\/a>. And for more information on the privacy policy of Mail Chimp, please click&nbsp;<a href=\"https:\/\/mailchimp.com\/legal\/privacy\/\">here<\/a>.<\/p>\n<p><strong>OTHER DATA PROCESSING<\/strong><\/p>\n<p>In case of data processing not covered in this notice, we shall provide detailed information when collecting the data.<\/p>\n<h4>&nbsp;<\/h4>\n<h4><strong>SECURITY OF PERSONAL DATA<\/strong><\/h4>\n<p>We <strong>process<\/strong> personal data <strong>with the utmost care and in a strictly confidential way,<\/strong> only to the extent necessary for using the services, and in compliance with any provisions specified by the person giving the consent.<\/p>\n<p>We guarantee&nbsp;<strong>protecting the safety of personal data<\/strong>&nbsp;and minimising the risks related to data processing by IT, organisational and systemic measures. We review these measures and policies from time to time, and adjust them as applicable. This is how we guarantee that the processed data:<\/p>\n<ul>\n<li>are protected from unauthorised access (confidentiality of data);<\/li>\n<li>are accessible for the authorised individuals (availability);<\/li>\n<li>are assured to be authentic and verified (authenticity of data processing);<\/li>\n<li>are verifiably unchanged (integrity of data).<\/li>\n<\/ul>\n<h4><strong>DATA PROCESSOR<\/strong><\/h4>\n<p>\u2018\u00c9lm\u00e9nyakad\u00e9mia K\u00f6zhaszn\u00fa Egyes\u00fclet\u2019 (Academy of Experience Association) does not delegate data processing to any entity.<\/p>\n<h4><strong>RIGHTS OF THE DATA SUBJECTS<\/strong><\/h4>\n<p>Data subjects may exercise their rights via a letter sent to the mailing address of \u2018\u00c9lm\u00e9nyakad\u00e9mia K\u00f6zhaszn\u00fa Egyes\u00fclet\u2019 (Academy of Experience Association) (Hungary, 1067 Budapest, Ter\u00e9z krt. 27. fsz. 5.), or an email sent to the email address of the Association:&nbsp;<a href=\"mailto:hello@elmenyakademia.hu\">hello@elmenyakademia.hu<\/a>.<\/p>\n<h4><strong>INFORMATION&nbsp;<\/strong>&nbsp;<\/h4>\n<p>All individuals have the right to ask for information about their data processed by us, particularly about the source of such data, the purpose and legal basis of data processing, the name, position of the data processor and their activity carried out in relation to the data processing, conditions and impact of a potential data breach and the measures implemented to address it, and also about the legal basis and the recipient when data transfer occurs. Information can be requested via the contact details of the Data Controller specified above.<\/p>\n<p>We provide the requested information within the shortest possible timeframe, but not later than within 30&nbsp;days. We only deny providing information in cases mandatory by law.&nbsp;&nbsp;<\/p>\n<h4><strong>ACCESS<\/strong><\/h4>\n<p>The data subject has the right to view their personal data any time upon a request submitted in advance via the contact details of the Data Controller provided.&nbsp;&nbsp;<\/p>\n<h4><strong>RECTIFICATION<\/strong><\/h4>\n<p>If the personal data do not match reality, it is possible to ask for rectification via a request submitted to the Data Controller through the contact details of the Data Controller. In case there is true personal data available, we rectify the personal data without undue delay.<\/p>\n<h4><strong>OBJECTION<\/strong><\/h4>\n<p>The data subject has the right to object to the processing of their personal data, and ask for ceasing data processing or erasure of the processed data by submitting a request in writing to \u2018\u00c9lm\u00e9nyakad\u00e9mia K\u00f6zhaszn\u00fa Egyes\u00fclet\u2019 (Academy of Experience Association) or via an email sent to&nbsp;<a href=\"mailto:hello@elmenyakademia.hu\">hello@elmenyakademia.hu<\/a>.<\/p>\n<h4><strong>ERASURE<\/strong><\/h4>\n<p>Personal data should be erased, if<\/p>\n<ul>\n<li>their processing is unlawful;<\/li>\n<li>the data subject requests erasure of their personal data, with the exception of mandatory data processing;<\/li>\n<li>these data are incomplete or erroneous, and this state of the data cannot be resolved in a lawful way, provided that no law prohibits such erasure;<\/li>\n<li>the purpose of data processing has ceased, or the timeframe for the storage of data is over, except for the case when the storage medium of the data needs to be safeguarded in the archives;<\/li>\n<li>such erasure is ordered by court or authority.<\/li>\n<\/ul>\n<p>The data subject may request erasure in writing at \u2018\u00c9lm\u00e9nyakad\u00e9mia K\u00f6zhaszn\u00fa Egyes\u00fclet\u2019 (Academy of Experience Association), or via email sent to hello@elmenyakademia.hu. In this instance, data will be deleted permanently without undue delay.<\/p>\n<h4><strong>OPTIONS FOR LEGAL REMEDIES<\/strong><\/h4>\n<p>For legal remedies and in case of complaints, please contact the National Authority for Data Protection and Freedom of Information (Nemzeti Adatv\u00e9delmi \u00e9s Inform\u00e1ci\u00f3szabads\u00e1g Hat\u00f3s\u00e1g).<\/p>\n<p>Registered office: Hungary, 1024 Budapest, Szil\u00e1gyi Erzs\u00e9bet fasor 22\/C.&nbsp;&nbsp;<\/p>\n<p>Mailing address: Hungary, 1534 Budapest, Pf.: 834<\/p>\n<p>Telephone: +36&nbsp;1&nbsp;391&nbsp;1400<\/p>\n<p>Fax: +36&nbsp;1&nbsp;391&nbsp;1410&nbsp;&nbsp;<\/p>\n<p>Email: ugyfelszolgalat@naih.hu<\/p>\t\t\t\t\t\t\t\t<\/div>\n\t\t\t\t<\/div>\n\t\t\t\t<\/div>\n\t\t\t\t\t<\/div>\n\t\t\t\t<\/div>\n\t\t\t\t<\/div>","protected":false},"excerpt":{"rendered":"<p>Privacy Policy \u2018\u00c9lm\u00e9nyakad\u00e9mia K\u00f6zhaszn\u00fa Egyes\u00fclet\u2019 (Academy of Experience Association) is committed to protecting the personal data of its members, volunteers, employees, agents, clients and partners. We treat personal information as confidential, and implement any security, technical and organisational measures that guarantee the safety of such data, and review these measures from time to time. &nbsp; [&hellip;]<\/p>\n","protected":false},"author":1,"featured_media":0,"parent":0,"menu_order":0,"comment_status":"closed","ping_status":"open","template":"","meta":{"_acf_changed":false,"iawp_total_views":3,"footnotes":""},"class_list":["post-3","page","type-page","status-publish","hentry"],"acf":[],"yoast_head":"<!-- This site is optimized with the Yoast SEO Premium plugin v26.2 (Yoast SEO v27.4) - https:\/\/yoast.com\/product\/yoast-seo-premium-wordpress\/ -->\n<title>Privacy Policy - Future is YOUth<\/title>\n<meta name=\"robots\" content=\"index, follow, max-snippet:-1, max-image-preview:large, max-video-preview:-1\" \/>\n<link rel=\"canonical\" href=\"https:\/\/futureisyouth.com\/it\/privacy-policy\/\" \/>\n<meta property=\"og:locale\" content=\"it_IT\" \/>\n<meta property=\"og:type\" content=\"article\" \/>\n<meta property=\"og:title\" content=\"Privacy Policy\" \/>\n<meta property=\"og:description\" content=\"Privacy Policy \u2018\u00c9lm\u00e9nyakad\u00e9mia K\u00f6zhaszn\u00fa Egyes\u00fclet\u2019 (Academy of Experience Association) is committed to protecting the personal data of its members, volunteers, employees, agents, clients and partners. We treat personal information as confidential, and implement any security, technical and organisational measures that guarantee the safety of such data, and review these measures from time to time. &nbsp; [&hellip;]\" \/>\n<meta property=\"og:url\" content=\"https:\/\/futureisyouth.com\/it\/privacy-policy\/\" \/>\n<meta property=\"og:site_name\" content=\"Future is YOUth\" \/>\n<meta property=\"article:publisher\" content=\"https:\/\/www.facebook.com\/profile.php?id=100085002957834\" \/>\n<meta property=\"article:modified_time\" content=\"2024-02-21T12:02:19+00:00\" \/>\n<meta property=\"og:image\" content=\"https:\/\/futureisyouth.com\/wp-content\/uploads\/2024\/01\/FIY-Social-Image.jpg\" \/>\n\t<meta property=\"og:image:width\" content=\"1200\" \/>\n\t<meta property=\"og:image:height\" content=\"675\" \/>\n\t<meta property=\"og:image:type\" content=\"image\/jpeg\" \/>\n<meta name=\"twitter:card\" content=\"summary_large_image\" \/>\n<meta name=\"twitter:label1\" content=\"Tempo di lettura stimato\" \/>\n\t<meta name=\"twitter:data1\" content=\"7 minuti\" \/>\n<script type=\"application\/ld+json\" class=\"yoast-schema-graph\">{\"@context\":\"https:\\\/\\\/schema.org\",\"@graph\":[{\"@type\":\"WebPage\",\"@id\":\"https:\\\/\\\/futureisyouth.com\\\/privacy-policy\\\/\",\"url\":\"https:\\\/\\\/futureisyouth.com\\\/privacy-policy\\\/\",\"name\":\"Privacy Policy - Future is YOUth\",\"isPartOf\":{\"@id\":\"https:\\\/\\\/futureisyouth.com\\\/#website\"},\"datePublished\":\"2022-11-07T23:40:59+00:00\",\"dateModified\":\"2024-02-21T12:02:19+00:00\",\"breadcrumb\":{\"@id\":\"https:\\\/\\\/futureisyouth.com\\\/privacy-policy\\\/#breadcrumb\"},\"inLanguage\":\"it-IT\",\"potentialAction\":[{\"@type\":\"ReadAction\",\"target\":[\"https:\\\/\\\/futureisyouth.com\\\/privacy-policy\\\/\"]}]},{\"@type\":\"BreadcrumbList\",\"@id\":\"https:\\\/\\\/futureisyouth.com\\\/privacy-policy\\\/#breadcrumb\",\"itemListElement\":[{\"@type\":\"ListItem\",\"position\":1,\"name\":\"Home\",\"item\":\"https:\\\/\\\/futureisyouth.com\\\/\"},{\"@type\":\"ListItem\",\"position\":2,\"name\":\"Privacy Policy\"}]},{\"@type\":\"WebSite\",\"@id\":\"https:\\\/\\\/futureisyouth.com\\\/#website\",\"url\":\"https:\\\/\\\/futureisyouth.com\\\/\",\"name\":\"Future is YOUth\",\"description\":\"Network for youth workers and organizations\",\"publisher\":{\"@id\":\"https:\\\/\\\/futureisyouth.com\\\/#organization\"},\"alternateName\":\"FIY\",\"potentialAction\":[{\"@type\":\"SearchAction\",\"target\":{\"@type\":\"EntryPoint\",\"urlTemplate\":\"https:\\\/\\\/futureisyouth.com\\\/?s={search_term_string}\"},\"query-input\":{\"@type\":\"PropertyValueSpecification\",\"valueRequired\":true,\"valueName\":\"search_term_string\"}}],\"inLanguage\":\"it-IT\"},{\"@type\":\"Organization\",\"@id\":\"https:\\\/\\\/futureisyouth.com\\\/#organization\",\"name\":\"Future is YOUth\",\"url\":\"https:\\\/\\\/futureisyouth.com\\\/\",\"logo\":{\"@type\":\"ImageObject\",\"inLanguage\":\"it-IT\",\"@id\":\"https:\\\/\\\/futureisyouth.com\\\/#\\\/schema\\\/logo\\\/image\\\/\",\"url\":\"https:\\\/\\\/futureisyouth.com\\\/wp-content\\\/uploads\\\/2022\\\/11\\\/future-is-youth-logo-horizontal.svg\",\"contentUrl\":\"https:\\\/\\\/futureisyouth.com\\\/wp-content\\\/uploads\\\/2022\\\/11\\\/future-is-youth-logo-horizontal.svg\",\"width\":247,\"height\":74,\"caption\":\"Future is YOUth\"},\"image\":{\"@id\":\"https:\\\/\\\/futureisyouth.com\\\/#\\\/schema\\\/logo\\\/image\\\/\"},\"sameAs\":[\"https:\\\/\\\/www.facebook.com\\\/profile.php?id=100085002957834\"]}]}<\/script>\n<!-- \/ Yoast SEO Premium plugin. -->","yoast_head_json":{"title":"Privacy Policy - Future is YOUth","robots":{"index":"index","follow":"follow","max-snippet":"max-snippet:-1","max-image-preview":"max-image-preview:large","max-video-preview":"max-video-preview:-1"},"canonical":"https:\/\/futureisyouth.com\/it\/privacy-policy\/","og_locale":"it_IT","og_type":"article","og_title":"Privacy Policy","og_description":"Privacy Policy \u2018\u00c9lm\u00e9nyakad\u00e9mia K\u00f6zhaszn\u00fa Egyes\u00fclet\u2019 (Academy of Experience Association) is committed to protecting the personal data of its members, volunteers, employees, agents, clients and partners. We treat personal information as confidential, and implement any security, technical and organisational measures that guarantee the safety of such data, and review these measures from time to time. &nbsp; [&hellip;]","og_url":"https:\/\/futureisyouth.com\/it\/privacy-policy\/","og_site_name":"Future is YOUth","article_publisher":"https:\/\/www.facebook.com\/profile.php?id=100085002957834","article_modified_time":"2024-02-21T12:02:19+00:00","og_image":[{"width":1200,"height":675,"url":"https:\/\/futureisyouth.com\/wp-content\/uploads\/2024\/01\/FIY-Social-Image.jpg","type":"image\/jpeg"}],"twitter_card":"summary_large_image","twitter_misc":{"Tempo di lettura stimato":"7 minuti"},"schema":{"@context":"https:\/\/schema.org","@graph":[{"@type":"WebPage","@id":"https:\/\/futureisyouth.com\/privacy-policy\/","url":"https:\/\/futureisyouth.com\/privacy-policy\/","name":"Privacy Policy - Future is YOUth","isPartOf":{"@id":"https:\/\/futureisyouth.com\/#website"},"datePublished":"2022-11-07T23:40:59+00:00","dateModified":"2024-02-21T12:02:19+00:00","breadcrumb":{"@id":"https:\/\/futureisyouth.com\/privacy-policy\/#breadcrumb"},"inLanguage":"it-IT","potentialAction":[{"@type":"ReadAction","target":["https:\/\/futureisyouth.com\/privacy-policy\/"]}]},{"@type":"BreadcrumbList","@id":"https:\/\/futureisyouth.com\/privacy-policy\/#breadcrumb","itemListElement":[{"@type":"ListItem","position":1,"name":"Home","item":"https:\/\/futureisyouth.com\/"},{"@type":"ListItem","position":2,"name":"Privacy Policy"}]},{"@type":"WebSite","@id":"https:\/\/futureisyouth.com\/#website","url":"https:\/\/futureisyouth.com\/","name":"Il futuro \u00e8 dei giovani","description":"Network for youth workers and organizations","publisher":{"@id":"https:\/\/futureisyouth.com\/#organization"},"alternateName":"FIY","potentialAction":[{"@type":"SearchAction","target":{"@type":"EntryPoint","urlTemplate":"https:\/\/futureisyouth.com\/?s={search_term_string}"},"query-input":{"@type":"PropertyValueSpecification","valueRequired":true,"valueName":"search_term_string"}}],"inLanguage":"it-IT"},{"@type":"Organization","@id":"https:\/\/futureisyouth.com\/#organization","name":"Il futuro \u00e8 dei giovani","url":"https:\/\/futureisyouth.com\/","logo":{"@type":"ImageObject","inLanguage":"it-IT","@id":"https:\/\/futureisyouth.com\/#\/schema\/logo\/image\/","url":"https:\/\/futureisyouth.com\/wp-content\/uploads\/2022\/11\/future-is-youth-logo-horizontal.svg","contentUrl":"https:\/\/futureisyouth.com\/wp-content\/uploads\/2022\/11\/future-is-youth-logo-horizontal.svg","width":247,"height":74,"caption":"Future is YOUth"},"image":{"@id":"https:\/\/futureisyouth.com\/#\/schema\/logo\/image\/"},"sameAs":["https:\/\/www.facebook.com\/profile.php?id=100085002957834"]}]}},"_links":{"self":[{"href":"https:\/\/futureisyouth.com\/it\/wp-json\/wp\/v2\/pages\/3","targetHints":{"allow":["GET"]}}],"collection":[{"href":"https:\/\/futureisyouth.com\/it\/wp-json\/wp\/v2\/pages"}],"about":[{"href":"https:\/\/futureisyouth.com\/it\/wp-json\/wp\/v2\/types\/page"}],"author":[{"embeddable":true,"href":"https:\/\/futureisyouth.com\/it\/wp-json\/wp\/v2\/users\/1"}],"replies":[{"embeddable":true,"href":"https:\/\/futureisyouth.com\/it\/wp-json\/wp\/v2\/comments?post=3"}],"version-history":[{"count":3,"href":"https:\/\/futureisyouth.com\/it\/wp-json\/wp\/v2\/pages\/3\/revisions"}],"predecessor-version":[{"id":2003,"href":"https:\/\/futureisyouth.com\/it\/wp-json\/wp\/v2\/pages\/3\/revisions\/2003"}],"wp:attachment":[{"href":"https:\/\/futureisyouth.com\/it\/wp-json\/wp\/v2\/media?parent=3"}],"curies":[{"name":"wp","href":"https:\/\/api.w.org\/{rel}","templated":true}]}}