{"id":1037,"date":"2022-12-08T03:41:50","date_gmt":"2022-12-08T02:41:50","guid":{"rendered":"https:\/\/futureisyouth.com\/?page_id=1037"},"modified":"2022-12-08T03:44:53","modified_gmt":"2022-12-08T02:44:53","slug":"facilitating-group-processes-non-formal-learning-team-building","status":"publish","type":"page","link":"https:\/\/futureisyouth.com\/lv\/youth-work-we-do\/facilitating-group-processes-non-formal-learning-team-building\/","title":{"rendered":"Grupu procesu, neform\u0101lo m\u0101c\u012bbu un komandas veido\u0161anas treni\u0146i"},"content":{"rendered":"<div data-elementor-type=\"wp-page\" data-elementor-id=\"1037\" class=\"elementor elementor-1037\" data-elementor-post-type=\"page\">\n\t\t\t\t<div class=\"elementor-element elementor-element-7550a48 e-flex e-con-boxed e-con e-parent\" data-id=\"7550a48\" data-element_type=\"container\" data-e-type=\"container\" data-settings=\"{&quot;background_background&quot;:&quot;gradient&quot;}\">\n\t\t\t\t\t<div class=\"e-con-inner\">\n\t\t<div class=\"elementor-element elementor-element-426cc37 e-flex e-con-boxed e-con e-parent\" data-id=\"426cc37\" data-element_type=\"container\" data-e-type=\"container\">\n\t\t\t\t\t<div class=\"e-con-inner\">\n\t\t\t\t<div class=\"elementor-element elementor-element-8694856 elementor-invisible elementor-widget elementor-widget-heading\" data-id=\"8694856\" data-element_type=\"widget\" data-e-type=\"widget\" data-settings=\"{&quot;_animation&quot;:&quot;fadeIn&quot;}\" data-widget_type=\"heading.default\">\n\t\t\t\t<div class=\"elementor-widget-container\">\n\t\t\t\t\t<h1 class=\"elementor-heading-title elementor-size-default\">Grupu procesu, neform\u0101lo m\u0101c\u012bbu un komandas veido\u0161anas treni\u0146i<\/h1>\t\t\t\t<\/div>\n\t\t\t\t<\/div>\n\t\t\t\t\t<\/div>\n\t\t\t\t<\/div>\n\t\t\t\t<div class=\"elementor-element elementor-element-dc43817 elementor-invisible elementor-widget elementor-widget-heading\" data-id=\"dc43817\" data-element_type=\"widget\" data-e-type=\"widget\" data-settings=\"{&quot;_animation&quot;:&quot;fadeIn&quot;,&quot;_animation_delay&quot;:300}\" data-widget_type=\"heading.default\">\n\t\t\t\t<div class=\"elementor-widget-container\">\n\t\t\t\t\t<h5 class=\"elementor-heading-title elementor-size-default\">Krisztina Gy\u00f6ngy\u00f6si<\/h5>\t\t\t\t<\/div>\n\t\t\t\t<\/div>\n\t\t\t\t\t<\/div>\n\t\t\t\t<\/div>\n\t\t<div class=\"elementor-element elementor-element-1350933 e-flex e-con-boxed e-con e-parent\" data-id=\"1350933\" data-element_type=\"container\" data-e-type=\"container\">\n\t\t\t\t\t<div class=\"e-con-inner\">\n\t\t<div class=\"elementor-element elementor-element-b763ebe e-con-full e-flex e-con e-parent\" data-id=\"b763ebe\" data-element_type=\"container\" data-e-type=\"container\">\n\t\t\t\t<div class=\"elementor-element elementor-element-fc8a27c elementor-widget elementor-widget-text-editor\" data-id=\"fc8a27c\" data-element_type=\"widget\" data-e-type=\"widget\" data-widget_type=\"text-editor.default\">\n\t\t\t\t<div class=\"elementor-widget-container\">\n\t\t\t\t\t\t\t\t\t<p>At our team-building trainings we combine experiential education with other exciting tools and techniques such as rock climbing, expeditions, art therapy elements, coaching, solution-focused approach. In our work, we target the unity of body, mind and spirit, striving to provide a life-changing experience that leads to lasting insights and change, helping individuals to develop self-awareness and self-reflection, and teams to work together more effectively. The programme is mainly about building trust, discovering what we value in each other and ourselves, and experiencing new experiences through adventurous challenges that increase team cohesion.\u00a0<\/p><p>The aim is for the group to become a team, working together and supporting each other. When people are able to work together as a team, when they know each other, feel safe not only physically but emotionally, are able to show themselves to each other and embrace each other&#8217;s true personalities, their effectiveness individually and as a team is greatly enhanced.<\/p><p>Every one of our trainings is unique, tailored to the needs that arise during the process, bearing in mind the goals you have set beforehand. Our team is made up of trainers with a broad and constantly updated knowledge portfolio.<\/p>\t\t\t\t\t\t\t\t<\/div>\n\t\t\t\t<\/div>\n\t\t\t\t<\/div>\n\t\t\t\t\t<\/div>\n\t\t\t\t<\/div>\n\t\t\t\t<\/div>","protected":false},"excerpt":{"rendered":"<p>Krisztina Gy\u00f6ngy\u00f6si At our team-building trainings we combine experiential education with other exciting tools and techniques such as rock climbing, expeditions, art therapy elements, coaching, solution-focused approach. In our work, we target the unity of body, mind and spirit, striving to provide a life-changing experience that leads to lasting insights and change, helping individuals to [&hellip;]<\/p>\n","protected":false},"author":1,"featured_media":0,"parent":12,"menu_order":0,"comment_status":"closed","ping_status":"closed","template":"","meta":{"_acf_changed":false,"iawp_total_views":8,"footnotes":""},"class_list":["post-1037","page","type-page","status-publish","hentry"],"acf":[],"yoast_head":"<!-- This site is optimized with the Yoast SEO Premium plugin v26.2 (Yoast SEO v27.4) - https:\/\/yoast.com\/product\/yoast-seo-premium-wordpress\/ -->\n<title>Facilitating group processes, non-formal learning, team building - Future is YOUth<\/title>\n<meta name=\"robots\" content=\"index, follow, max-snippet:-1, max-image-preview:large, max-video-preview:-1\" \/>\n<link rel=\"canonical\" href=\"https:\/\/futureisyouth.com\/lv\/youth-work-we-do\/facilitating-group-processes-non-formal-learning-team-building\/\" \/>\n<meta property=\"og:locale\" content=\"lv_LV\" \/>\n<meta property=\"og:type\" content=\"article\" \/>\n<meta property=\"og:title\" content=\"Facilitating group processes, non-formal learning, team building\" \/>\n<meta property=\"og:description\" content=\"Krisztina Gy\u00f6ngy\u00f6si At our team-building trainings we combine experiential education with other exciting tools and techniques such as rock climbing, expeditions, art therapy elements, coaching, solution-focused approach. In our work, we target the unity of body, mind and spirit, striving to provide a life-changing experience that leads to lasting insights and change, helping individuals to [&hellip;]\" \/>\n<meta property=\"og:url\" content=\"https:\/\/futureisyouth.com\/lv\/youth-work-we-do\/facilitating-group-processes-non-formal-learning-team-building\/\" \/>\n<meta property=\"og:site_name\" content=\"Future is YOUth\" \/>\n<meta property=\"article:publisher\" content=\"https:\/\/www.facebook.com\/profile.php?id=100085002957834\" \/>\n<meta property=\"article:modified_time\" content=\"2022-12-08T02:44:53+00:00\" \/>\n<meta property=\"og:image\" content=\"https:\/\/futureisyouth.com\/wp-content\/uploads\/2024\/01\/FIY-Social-Image.jpg\" \/>\n\t<meta property=\"og:image:width\" content=\"1200\" \/>\n\t<meta property=\"og:image:height\" content=\"675\" \/>\n\t<meta property=\"og:image:type\" content=\"image\/jpeg\" \/>\n<meta name=\"twitter:card\" content=\"summary_large_image\" \/>\n<meta name=\"twitter:label1\" content=\"Est. reading time\" \/>\n\t<meta name=\"twitter:data1\" content=\"1 min\u016bte\" \/>\n<script type=\"application\/ld+json\" class=\"yoast-schema-graph\">{\"@context\":\"https:\\\/\\\/schema.org\",\"@graph\":[{\"@type\":\"WebPage\",\"@id\":\"https:\\\/\\\/futureisyouth.com\\\/youth-work-we-do\\\/facilitating-group-processes-non-formal-learning-team-building\\\/\",\"url\":\"https:\\\/\\\/futureisyouth.com\\\/youth-work-we-do\\\/facilitating-group-processes-non-formal-learning-team-building\\\/\",\"name\":\"Facilitating group processes, non-formal learning, team building - Future is YOUth\",\"isPartOf\":{\"@id\":\"https:\\\/\\\/futureisyouth.com\\\/#website\"},\"datePublished\":\"2022-12-08T02:41:50+00:00\",\"dateModified\":\"2022-12-08T02:44:53+00:00\",\"breadcrumb\":{\"@id\":\"https:\\\/\\\/futureisyouth.com\\\/youth-work-we-do\\\/facilitating-group-processes-non-formal-learning-team-building\\\/#breadcrumb\"},\"inLanguage\":\"lv-LV\",\"potentialAction\":[{\"@type\":\"ReadAction\",\"target\":[\"https:\\\/\\\/futureisyouth.com\\\/youth-work-we-do\\\/facilitating-group-processes-non-formal-learning-team-building\\\/\"]}]},{\"@type\":\"BreadcrumbList\",\"@id\":\"https:\\\/\\\/futureisyouth.com\\\/youth-work-we-do\\\/facilitating-group-processes-non-formal-learning-team-building\\\/#breadcrumb\",\"itemListElement\":[{\"@type\":\"ListItem\",\"position\":1,\"name\":\"Home\",\"item\":\"https:\\\/\\\/futureisyouth.com\\\/\"},{\"@type\":\"ListItem\",\"position\":2,\"name\":\"Youth Work We Do\",\"item\":\"https:\\\/\\\/futureisyouth.com\\\/youth-work-we-do\\\/\"},{\"@type\":\"ListItem\",\"position\":3,\"name\":\"Facilitating group processes, non-formal learning, team building\"}]},{\"@type\":\"WebSite\",\"@id\":\"https:\\\/\\\/futureisyouth.com\\\/#website\",\"url\":\"https:\\\/\\\/futureisyouth.com\\\/\",\"name\":\"Future is YOUth\",\"description\":\"Network for youth workers and organizations\",\"publisher\":{\"@id\":\"https:\\\/\\\/futureisyouth.com\\\/#organization\"},\"alternateName\":\"FIY\",\"potentialAction\":[{\"@type\":\"SearchAction\",\"target\":{\"@type\":\"EntryPoint\",\"urlTemplate\":\"https:\\\/\\\/futureisyouth.com\\\/?s={search_term_string}\"},\"query-input\":{\"@type\":\"PropertyValueSpecification\",\"valueRequired\":true,\"valueName\":\"search_term_string\"}}],\"inLanguage\":\"lv-LV\"},{\"@type\":\"Organization\",\"@id\":\"https:\\\/\\\/futureisyouth.com\\\/#organization\",\"name\":\"Future is YOUth\",\"url\":\"https:\\\/\\\/futureisyouth.com\\\/\",\"logo\":{\"@type\":\"ImageObject\",\"inLanguage\":\"lv-LV\",\"@id\":\"https:\\\/\\\/futureisyouth.com\\\/#\\\/schema\\\/logo\\\/image\\\/\",\"url\":\"https:\\\/\\\/futureisyouth.com\\\/wp-content\\\/uploads\\\/2022\\\/11\\\/future-is-youth-logo-horizontal.svg\",\"contentUrl\":\"https:\\\/\\\/futureisyouth.com\\\/wp-content\\\/uploads\\\/2022\\\/11\\\/future-is-youth-logo-horizontal.svg\",\"width\":247,\"height\":74,\"caption\":\"Future is YOUth\"},\"image\":{\"@id\":\"https:\\\/\\\/futureisyouth.com\\\/#\\\/schema\\\/logo\\\/image\\\/\"},\"sameAs\":[\"https:\\\/\\\/www.facebook.com\\\/profile.php?id=100085002957834\"]}]}<\/script>\n<!-- \/ Yoast SEO Premium plugin. -->","yoast_head_json":{"title":"Facilitating group processes, non-formal learning, team building - Future is YOUth","robots":{"index":"index","follow":"follow","max-snippet":"max-snippet:-1","max-image-preview":"max-image-preview:large","max-video-preview":"max-video-preview:-1"},"canonical":"https:\/\/futureisyouth.com\/lv\/youth-work-we-do\/facilitating-group-processes-non-formal-learning-team-building\/","og_locale":"lv_LV","og_type":"article","og_title":"Facilitating group processes, non-formal learning, team building","og_description":"Krisztina Gy\u00f6ngy\u00f6si At our team-building trainings we combine experiential education with other exciting tools and techniques such as rock climbing, expeditions, art therapy elements, coaching, solution-focused approach. In our work, we target the unity of body, mind and spirit, striving to provide a life-changing experience that leads to lasting insights and change, helping individuals to [&hellip;]","og_url":"https:\/\/futureisyouth.com\/lv\/youth-work-we-do\/facilitating-group-processes-non-formal-learning-team-building\/","og_site_name":"Future is YOUth","article_publisher":"https:\/\/www.facebook.com\/profile.php?id=100085002957834","article_modified_time":"2022-12-08T02:44:53+00:00","og_image":[{"width":1200,"height":675,"url":"https:\/\/futureisyouth.com\/wp-content\/uploads\/2024\/01\/FIY-Social-Image.jpg","type":"image\/jpeg"}],"twitter_card":"summary_large_image","twitter_misc":{"Est. reading time":"1 min\u016bte"},"schema":{"@context":"https:\/\/schema.org","@graph":[{"@type":"WebPage","@id":"https:\/\/futureisyouth.com\/youth-work-we-do\/facilitating-group-processes-non-formal-learning-team-building\/","url":"https:\/\/futureisyouth.com\/youth-work-we-do\/facilitating-group-processes-non-formal-learning-team-building\/","name":"Facilitating group processes, non-formal learning, team building - Future is YOUth","isPartOf":{"@id":"https:\/\/futureisyouth.com\/#website"},"datePublished":"2022-12-08T02:41:50+00:00","dateModified":"2022-12-08T02:44:53+00:00","breadcrumb":{"@id":"https:\/\/futureisyouth.com\/youth-work-we-do\/facilitating-group-processes-non-formal-learning-team-building\/#breadcrumb"},"inLanguage":"lv-LV","potentialAction":[{"@type":"ReadAction","target":["https:\/\/futureisyouth.com\/youth-work-we-do\/facilitating-group-processes-non-formal-learning-team-building\/"]}]},{"@type":"BreadcrumbList","@id":"https:\/\/futureisyouth.com\/youth-work-we-do\/facilitating-group-processes-non-formal-learning-team-building\/#breadcrumb","itemListElement":[{"@type":"ListItem","position":1,"name":"Home","item":"https:\/\/futureisyouth.com\/"},{"@type":"ListItem","position":2,"name":"Youth Work We Do","item":"https:\/\/futureisyouth.com\/youth-work-we-do\/"},{"@type":"ListItem","position":3,"name":"Facilitating group processes, non-formal learning, team building"}]},{"@type":"WebSite","@id":"https:\/\/futureisyouth.com\/#website","url":"https:\/\/futureisyouth.com\/","name":"Jaunie\u0161i ir n\u0101kotne","description":"Network for youth workers and organizations","publisher":{"@id":"https:\/\/futureisyouth.com\/#organization"},"alternateName":"FIY","potentialAction":[{"@type":"SearchAction","target":{"@type":"EntryPoint","urlTemplate":"https:\/\/futureisyouth.com\/?s={search_term_string}"},"query-input":{"@type":"PropertyValueSpecification","valueRequired":true,"valueName":"search_term_string"}}],"inLanguage":"lv-LV"},{"@type":"Organization","@id":"https:\/\/futureisyouth.com\/#organization","name":"Jaunie\u0161i ir n\u0101kotne","url":"https:\/\/futureisyouth.com\/","logo":{"@type":"ImageObject","inLanguage":"lv-LV","@id":"https:\/\/futureisyouth.com\/#\/schema\/logo\/image\/","url":"https:\/\/futureisyouth.com\/wp-content\/uploads\/2022\/11\/future-is-youth-logo-horizontal.svg","contentUrl":"https:\/\/futureisyouth.com\/wp-content\/uploads\/2022\/11\/future-is-youth-logo-horizontal.svg","width":247,"height":74,"caption":"Future is YOUth"},"image":{"@id":"https:\/\/futureisyouth.com\/#\/schema\/logo\/image\/"},"sameAs":["https:\/\/www.facebook.com\/profile.php?id=100085002957834"]}]}},"_links":{"self":[{"href":"https:\/\/futureisyouth.com\/lv\/wp-json\/wp\/v2\/pages\/1037","targetHints":{"allow":["GET"]}}],"collection":[{"href":"https:\/\/futureisyouth.com\/lv\/wp-json\/wp\/v2\/pages"}],"about":[{"href":"https:\/\/futureisyouth.com\/lv\/wp-json\/wp\/v2\/types\/page"}],"author":[{"embeddable":true,"href":"https:\/\/futureisyouth.com\/lv\/wp-json\/wp\/v2\/users\/1"}],"replies":[{"embeddable":true,"href":"https:\/\/futureisyouth.com\/lv\/wp-json\/wp\/v2\/comments?post=1037"}],"version-history":[{"count":4,"href":"https:\/\/futureisyouth.com\/lv\/wp-json\/wp\/v2\/pages\/1037\/revisions"}],"predecessor-version":[{"id":1041,"href":"https:\/\/futureisyouth.com\/lv\/wp-json\/wp\/v2\/pages\/1037\/revisions\/1041"}],"up":[{"embeddable":true,"href":"https:\/\/futureisyouth.com\/lv\/wp-json\/wp\/v2\/pages\/12"}],"wp:attachment":[{"href":"https:\/\/futureisyouth.com\/lv\/wp-json\/wp\/v2\/media?parent=1037"}],"curies":[{"name":"wp","href":"https:\/\/api.w.org\/{rel}","templated":true}]}}