{"id":1053,"date":"2022-12-08T03:49:43","date_gmt":"2022-12-08T02:49:43","guid":{"rendered":"https:\/\/futureisyouth.com\/?page_id=1053"},"modified":"2022-12-08T03:51:24","modified_gmt":"2022-12-08T02:51:24","slug":"solution-focused-approach","status":"publish","type":"page","link":"https:\/\/futureisyouth.com\/ro\/solution-focused-approach\/","title":{"rendered":"Solution-focused approach"},"content":{"rendered":"<div data-elementor-type=\"wp-page\" data-elementor-id=\"1053\" class=\"elementor elementor-1053\" data-elementor-post-type=\"page\">\n\t\t\t\t<div class=\"elementor-element elementor-element-bf7faed e-flex e-con-boxed e-con e-parent\" data-id=\"bf7faed\" data-element_type=\"container\" data-e-type=\"container\" data-settings=\"{&quot;background_background&quot;:&quot;gradient&quot;}\">\n\t\t\t\t\t<div class=\"e-con-inner\">\n\t\t<div class=\"elementor-element elementor-element-c28d49c e-flex e-con-boxed e-con e-parent\" data-id=\"c28d49c\" data-element_type=\"container\" data-e-type=\"container\">\n\t\t\t\t\t<div class=\"e-con-inner\">\n\t\t\t\t<div class=\"elementor-element elementor-element-1d4a42c elementor-invisible elementor-widget elementor-widget-heading\" data-id=\"1d4a42c\" data-element_type=\"widget\" data-e-type=\"widget\" data-settings=\"{&quot;_animation&quot;:&quot;fadeIn&quot;}\" data-widget_type=\"heading.default\">\n\t\t\t\t<div class=\"elementor-widget-container\">\n\t\t\t\t\t<h1 class=\"elementor-heading-title elementor-size-default\">Solution-focused approach<\/h1>\t\t\t\t<\/div>\n\t\t\t\t<\/div>\n\t\t\t\t\t<\/div>\n\t\t\t\t<\/div>\n\t\t\t\t\t<\/div>\n\t\t\t\t<\/div>\n\t\t<div class=\"elementor-element elementor-element-eba1ebd e-flex e-con-boxed e-con e-parent\" data-id=\"eba1ebd\" data-element_type=\"container\" data-e-type=\"container\">\n\t\t\t\t\t<div class=\"e-con-inner\">\n\t\t<div class=\"elementor-element elementor-element-e678f82 e-con-full e-flex e-con e-parent\" data-id=\"e678f82\" data-element_type=\"container\" data-e-type=\"container\">\n\t\t\t\t<div class=\"elementor-element elementor-element-a713035 elementor-widget elementor-widget-text-editor\" data-id=\"a713035\" data-element_type=\"widget\" data-e-type=\"widget\" data-widget_type=\"text-editor.default\">\n\t\t\t\t<div class=\"elementor-widget-container\">\n\t\t\t\t\t\t\t\t\t<p>AThe method was developed by Steve de Shazer and Insoo Kim Berg, the two founders of Solution-Focused Brief Therapy in the 1980s in the United States. The success of the method is confirmed by research worldwide in non-therapeutic settings also.\u00a0<\/p><p>The Solution Focused Approach is based on a paradigm shift: it works with solution-building interventions rather than problem interpretation. It is based on the premise that each client is an expert in his or her own life &#8211; that is, the facilitator&#8217;s job is to be present with trust and build on the client&#8217;s strengths to help him or her to develop and find his or her own solutions. To focus attention on the desired direction of change and on the resources that already exist, and bring to the surface internal resources and strengths during the support processes.<\/p><p>In their work in family therapy, Steve de Shazer and Insoo Kim Berg analyzed what led to success in most cases in their practice in the lives of families with so-called &#8220;many problems&#8221;. They have found that the families who turn to them actually need to start thinking differently about difficulties and find new, creative solutions. In their experience, asking clients where they would like to go, what they would like instead of the current problematic situation, supporting them to look for the small things they are already doing that point towards a solution, expressing non-judgmental acceptance of the family&#8217;s situation, acknowledging the family&#8217;s efforts to change the situation, reflecting on their resources, which are their own and can and are building on them, were the most helpful. This allows them to change the way they think about the problem, which can lead to new, creative solutions.\u00a0<\/p><p>So in their discussions, in their facilitation work, they shifted the focus from problems to solutions. Instead of working consciously to solve the problem, the client imagines, point by point, his own changed behavior, the reaction of his loved ones, friends, colleagues to this changed behavior, so that the creation of the details of a desired future contributes to the reduction of the problem. The beginnings of solution-focused work can be traced back to 1978, to the birth of the therapeutic method known as Solution Focused Brief Therapy. Since then, solution-focused tools have been used successfully in other areas, such as coaching, counseling, organizational development and as a leadership tool.<\/p><p>An important feature of a solution-focused approach is that it builds on existing competences and strengths and continuously recognises signs of progress. It focuses the customer&#8217;s attention on what is already working well. This helps to make the client aware of what makes things work well and how they can apply the skills and knowledge they already have in the future, more often, in different places and in different ways.\u00a0<\/p><p>\u00a0<\/p><p>In the course of our work in the Association we regularly meet people, children and youth with difficult circumstances, where it is especially true that as helpers we cannot be experts in their lives, because what do we know about their difficulties, traumas, extreme poverty, growing up in children&#8217;s homes and how to live with these situations? Our advice would not be credible, it would not even fit into their lives, their environment, their reality, and it would only perpetuate an apparent relationship of inferiority and superiority that society is so inclined to generate over and over again for some reason, as if we who are born into a fortunate situation are somehow more valuable than the other who has been struggling from perhaps the first moment of his life. There are usually few opportunities to meet them, and these are typically short, so it is not typical to have the chance for a longer therapeutic process with a well-trained therapist. We&#8217;re there (trainers, volunteers) we are the ones who can have some kind of impact and so in these few and short sessions, based on our experience so far, it seems useful to talk about their resources, how much they can already do even with this package and their past, what they&#8217;ve been able to achieve, what they&#8217;re good at, what brings them joy, what helps them, what they can recharge from, what successes (even the smallest ones) they&#8217;ve had and how did they do it. Honest acknowledgement and reflection of their resources, their efforts and their life situation will help to find the foundations on which to build. Like a first-aider, who is the first to arrive to help a person in trouble.<\/p>\t\t\t\t\t\t\t\t<\/div>\n\t\t\t\t<\/div>\n\t\t\t\t<\/div>\n\t\t<div class=\"elementor-element elementor-element-8627fd2 e-con-full e-flex e-con e-parent\" data-id=\"8627fd2\" data-element_type=\"container\" data-e-type=\"container\">\n\t\t\t\t<div data-dce-title-color=\"#101828\" class=\"elementor-element elementor-element-8088b6e elementor-invisible elementor-widget elementor-widget-heading\" data-id=\"8088b6e\" data-element_type=\"widget\" data-e-type=\"widget\" data-settings=\"{&quot;_animation&quot;:&quot;fadeIn&quot;,&quot;_animation_delay&quot;:200}\" data-widget_type=\"heading.default\">\n\t\t\t\t<div class=\"elementor-widget-container\">\n\t\t\t\t\t<h3 class=\"elementor-heading-title elementor-size-default\">Sources<\/h3>\t\t\t\t<\/div>\n\t\t\t\t<\/div>\n\t\t\t\t<div class=\"elementor-element elementor-element-f6f4d5e elementor-widget elementor-widget-text-editor\" data-id=\"f6f4d5e\" data-element_type=\"widget\" data-e-type=\"widget\" data-widget_type=\"text-editor.default\">\n\t\t\t\t<div class=\"elementor-widget-container\">\n\t\t\t\t\t\t\t\t\t<p>BERG I K (2015). Konzult\u00e1ci\u00f3 sokprobl\u00e9m\u00e1s csal\u00e1dokkal; Budapest: Animula Kiad\u00f3<\/p><p>DE SHAZER S (1988) Clues:Investing Solution in Brief Therapy New York: Norton<\/p><p>IVESON C &#8211; GEORGE E &#8211; RATNER H (2014) Brief Coaching. Megold\u00e1sk\u00f6zpont\u00fa megk\u00f6zel\u00edt\u00e9s. Budapest, SolutionSurfers<\/p><p>MACDONALD J. A (2011) Solution-Focused Therapy. Thero, research and practice. London, Sage<\/p><p>MCKERGOW (2021) The next generation of solution focused practice. Stretching the world for new opportunities and progress. London and New York, Routledge<\/p><p>YOUNG S (2018) Megold\u00e1sk\u00f6zpont\u00fa iskol\u00e1k. A b\u00e1ntalmaz\u00e1skezel\u00e9sen t\u00fal. Budapest, SolutionSurfers<\/p><p>YUSUF D (2021) The solution focused approach with children and young people. London and New York, Routledge<\/p><p>YUSUF D &#8211; RATNER H (2015) Brief coaching with children and young people. London and New York, Routledge<\/p>\t\t\t\t\t\t\t\t<\/div>\n\t\t\t\t<\/div>\n\t\t\t\t<div class=\"elementor-element elementor-element-5dbcab7 elementor-widget elementor-widget-text-editor\" data-id=\"5dbcab7\" data-element_type=\"widget\" data-e-type=\"widget\" data-widget_type=\"text-editor.default\">\n\t\t\t\t<div class=\"elementor-widget-container\">\n\t\t\t\t\t\t\t\t\t<p><strong>Links<\/strong><\/p><ul><li aria-level=\"1\"><a href=\"http:\/\/www.solutionsurfers.hu\">www.solutionsurfers.hu<\/a><\/li><\/ul><ul><li aria-level=\"1\"><a href=\"https:\/\/sfegyesulet.org\/\">https:\/\/sfegyesulet.org\/<\/a>\u00a0<\/li><\/ul><ul><li aria-level=\"1\"><a href=\"http:\/\/www.solutionsurfers.hu\/brief-coach-trening\/\">http:\/\/www.solutionsurfers.hu\/brief-coach-trening\/<\/a><\/li><\/ul><ul><li aria-level=\"1\"><a href=\"http:\/\/www.solutionsurfers.hu\/workshopok\/\">http:\/\/www.solutionsurfers.hu\/workshopok\/<\/a><\/li><\/ul><ul><li aria-level=\"1\"><a href=\"https:\/\/www.z-press.hu\/brief-megoldaskozpontu-coaching-gyermek-iskola-konyv\">https:\/\/www.z-press.hu\/brief-megoldaskozpontu-coaching-gyermek-iskola-konyv<\/a><\/li><li aria-level=\"1\"><a href=\"https:\/\/moly.hu\/konyvek\/peter-de-jong-insoo-kim-berg-feladattol-a-megoldasig\">https:\/\/moly.hu\/konyvek\/peter-de-jong-insoo-kim-berg-feladattol-a-megoldasig<\/a><\/li><li aria-level=\"1\"><a href=\"http:\/\/sfegyesulet.org\/esemenyek\/woww-az-elismeres-ereje-nem-csak-az-iskolaban\/\">http:\/\/sfegyesulet.org\/esemenyek\/woww-az-elismeres-ereje-nem-csak-az-iskolaban\/<\/a><\/li><li aria-level=\"1\"><a href=\"http:\/\/www.hrportal.hu\/hr\/mar-megint-nem-irtal-lecket-folyton-csak-hulyeskedsz---letezik-mas-tanari-megkozelites-is-20161003.html\">http:\/\/www.hrportal.hu\/hr\/mar-megint-nem-irtal-lecket-folyton-csak-hulyeskedsz&#8212;letezik-mas-tanari-megkozelites-is-20161003.html<\/a><\/li><li aria-level=\"1\"><a href=\"https:\/\/solutionsurfers.hu\/2019\/09\/03\/kirsten-dierolf-mi-a-megoldasfokusz\/\">https:\/\/solutionsurfers.hu\/2019\/09\/03\/kirsten-dierolf-mi-a-megoldasfokusz\/<\/a><\/li><li aria-level=\"1\"><a href=\"https:\/\/www.kidsskills.hu\/megoldaskozpontu-szemlelet\/\">https:\/\/www.kidsskills.hu\/megoldaskozpontu-szemlelet\/<\/a><\/li><\/ul>\t\t\t\t\t\t\t\t<\/div>\n\t\t\t\t<\/div>\n\t\t\t\t<\/div>\n\t\t\t\t\t<\/div>\n\t\t\t\t<\/div>\n\t\t\t\t<\/div>","protected":false},"excerpt":{"rendered":"<p>AThe method was developed by Steve de Shazer and Insoo Kim Berg, the two founders of Solution-Focused Brief Therapy in the 1980s in the United States. The success of the method is confirmed by research worldwide in non-therapeutic settings also.\u00a0 The Solution Focused Approach is based on a paradigm shift: it works with solution-building interventions [&hellip;]<\/p>\n","protected":false},"author":1,"featured_media":0,"parent":0,"menu_order":0,"comment_status":"closed","ping_status":"closed","template":"","meta":{"_acf_changed":false,"iawp_total_views":6,"footnotes":""},"class_list":["post-1053","page","type-page","status-publish","hentry"],"acf":[],"yoast_head":"<!-- This site is optimized with the Yoast SEO Premium plugin v26.2 (Yoast SEO v27.4) - https:\/\/yoast.com\/product\/yoast-seo-premium-wordpress\/ -->\n<title>Solution-focused approach - Future is YOUth<\/title>\n<meta name=\"robots\" content=\"index, follow, max-snippet:-1, max-image-preview:large, max-video-preview:-1\" \/>\n<link rel=\"canonical\" href=\"https:\/\/futureisyouth.com\/ro\/solution-focused-approach\/\" \/>\n<meta property=\"og:locale\" content=\"ro_RO\" \/>\n<meta property=\"og:type\" content=\"article\" \/>\n<meta property=\"og:title\" content=\"Solution-focused approach\" \/>\n<meta property=\"og:description\" content=\"AThe method was developed by Steve de Shazer and Insoo Kim Berg, the two founders of Solution-Focused Brief Therapy in the 1980s in the United States. The success of the method is confirmed by research worldwide in non-therapeutic settings also.\u00a0 The Solution Focused Approach is based on a paradigm shift: it works with solution-building interventions [&hellip;]\" \/>\n<meta property=\"og:url\" content=\"https:\/\/futureisyouth.com\/ro\/solution-focused-approach\/\" \/>\n<meta property=\"og:site_name\" content=\"Future is YOUth\" \/>\n<meta property=\"article:publisher\" content=\"https:\/\/www.facebook.com\/profile.php?id=100085002957834\" \/>\n<meta property=\"article:modified_time\" content=\"2022-12-08T02:51:24+00:00\" \/>\n<meta property=\"og:image\" content=\"https:\/\/futureisyouth.com\/wp-content\/uploads\/2024\/01\/FIY-Social-Image.jpg\" \/>\n\t<meta property=\"og:image:width\" content=\"1200\" \/>\n\t<meta property=\"og:image:height\" content=\"675\" \/>\n\t<meta property=\"og:image:type\" content=\"image\/jpeg\" \/>\n<meta name=\"twitter:card\" content=\"summary_large_image\" \/>\n<meta name=\"twitter:label1\" content=\"Timp estimat pentru citire\" \/>\n\t<meta name=\"twitter:data1\" content=\"5 minute\" \/>\n<script type=\"application\/ld+json\" class=\"yoast-schema-graph\">{\"@context\":\"https:\\\/\\\/schema.org\",\"@graph\":[{\"@type\":\"WebPage\",\"@id\":\"https:\\\/\\\/futureisyouth.com\\\/solution-focused-approach\\\/\",\"url\":\"https:\\\/\\\/futureisyouth.com\\\/solution-focused-approach\\\/\",\"name\":\"Solution-focused approach - Future is YOUth\",\"isPartOf\":{\"@id\":\"https:\\\/\\\/futureisyouth.com\\\/#website\"},\"datePublished\":\"2022-12-08T02:49:43+00:00\",\"dateModified\":\"2022-12-08T02:51:24+00:00\",\"breadcrumb\":{\"@id\":\"https:\\\/\\\/futureisyouth.com\\\/solution-focused-approach\\\/#breadcrumb\"},\"inLanguage\":\"ro-RO\",\"potentialAction\":[{\"@type\":\"ReadAction\",\"target\":[\"https:\\\/\\\/futureisyouth.com\\\/solution-focused-approach\\\/\"]}]},{\"@type\":\"BreadcrumbList\",\"@id\":\"https:\\\/\\\/futureisyouth.com\\\/solution-focused-approach\\\/#breadcrumb\",\"itemListElement\":[{\"@type\":\"ListItem\",\"position\":1,\"name\":\"Home\",\"item\":\"https:\\\/\\\/futureisyouth.com\\\/\"},{\"@type\":\"ListItem\",\"position\":2,\"name\":\"Solution-focused approach\"}]},{\"@type\":\"WebSite\",\"@id\":\"https:\\\/\\\/futureisyouth.com\\\/#website\",\"url\":\"https:\\\/\\\/futureisyouth.com\\\/\",\"name\":\"Future is YOUth\",\"description\":\"Network for youth workers and organizations\",\"publisher\":{\"@id\":\"https:\\\/\\\/futureisyouth.com\\\/#organization\"},\"alternateName\":\"FIY\",\"potentialAction\":[{\"@type\":\"SearchAction\",\"target\":{\"@type\":\"EntryPoint\",\"urlTemplate\":\"https:\\\/\\\/futureisyouth.com\\\/?s={search_term_string}\"},\"query-input\":{\"@type\":\"PropertyValueSpecification\",\"valueRequired\":true,\"valueName\":\"search_term_string\"}}],\"inLanguage\":\"ro-RO\"},{\"@type\":\"Organization\",\"@id\":\"https:\\\/\\\/futureisyouth.com\\\/#organization\",\"name\":\"Future is YOUth\",\"url\":\"https:\\\/\\\/futureisyouth.com\\\/\",\"logo\":{\"@type\":\"ImageObject\",\"inLanguage\":\"ro-RO\",\"@id\":\"https:\\\/\\\/futureisyouth.com\\\/#\\\/schema\\\/logo\\\/image\\\/\",\"url\":\"https:\\\/\\\/futureisyouth.com\\\/wp-content\\\/uploads\\\/2022\\\/11\\\/future-is-youth-logo-horizontal.svg\",\"contentUrl\":\"https:\\\/\\\/futureisyouth.com\\\/wp-content\\\/uploads\\\/2022\\\/11\\\/future-is-youth-logo-horizontal.svg\",\"width\":247,\"height\":74,\"caption\":\"Future is YOUth\"},\"image\":{\"@id\":\"https:\\\/\\\/futureisyouth.com\\\/#\\\/schema\\\/logo\\\/image\\\/\"},\"sameAs\":[\"https:\\\/\\\/www.facebook.com\\\/profile.php?id=100085002957834\"]}]}<\/script>\n<!-- \/ Yoast SEO Premium plugin. -->","yoast_head_json":{"title":"Solution-focused approach - Future is YOUth","robots":{"index":"index","follow":"follow","max-snippet":"max-snippet:-1","max-image-preview":"max-image-preview:large","max-video-preview":"max-video-preview:-1"},"canonical":"https:\/\/futureisyouth.com\/ro\/solution-focused-approach\/","og_locale":"ro_RO","og_type":"article","og_title":"Solution-focused approach","og_description":"AThe method was developed by Steve de Shazer and Insoo Kim Berg, the two founders of Solution-Focused Brief Therapy in the 1980s in the United States. The success of the method is confirmed by research worldwide in non-therapeutic settings also.\u00a0 The Solution Focused Approach is based on a paradigm shift: it works with solution-building interventions [&hellip;]","og_url":"https:\/\/futureisyouth.com\/ro\/solution-focused-approach\/","og_site_name":"Future is YOUth","article_publisher":"https:\/\/www.facebook.com\/profile.php?id=100085002957834","article_modified_time":"2022-12-08T02:51:24+00:00","og_image":[{"width":1200,"height":675,"url":"https:\/\/futureisyouth.com\/wp-content\/uploads\/2024\/01\/FIY-Social-Image.jpg","type":"image\/jpeg"}],"twitter_card":"summary_large_image","twitter_misc":{"Timp estimat pentru citire":"5 minute"},"schema":{"@context":"https:\/\/schema.org","@graph":[{"@type":"WebPage","@id":"https:\/\/futureisyouth.com\/solution-focused-approach\/","url":"https:\/\/futureisyouth.com\/solution-focused-approach\/","name":"Solution-focused approach - Future is YOUth","isPartOf":{"@id":"https:\/\/futureisyouth.com\/#website"},"datePublished":"2022-12-08T02:49:43+00:00","dateModified":"2022-12-08T02:51:24+00:00","breadcrumb":{"@id":"https:\/\/futureisyouth.com\/solution-focused-approach\/#breadcrumb"},"inLanguage":"ro-RO","potentialAction":[{"@type":"ReadAction","target":["https:\/\/futureisyouth.com\/solution-focused-approach\/"]}]},{"@type":"BreadcrumbList","@id":"https:\/\/futureisyouth.com\/solution-focused-approach\/#breadcrumb","itemListElement":[{"@type":"ListItem","position":1,"name":"Home","item":"https:\/\/futureisyouth.com\/"},{"@type":"ListItem","position":2,"name":"Solution-focused approach"}]},{"@type":"WebSite","@id":"https:\/\/futureisyouth.com\/#website","url":"https:\/\/futureisyouth.com\/","name":"Tinerii sunt viitoru","description":"Network for youth workers and organizations","publisher":{"@id":"https:\/\/futureisyouth.com\/#organization"},"alternateName":"FIY","potentialAction":[{"@type":"SearchAction","target":{"@type":"EntryPoint","urlTemplate":"https:\/\/futureisyouth.com\/?s={search_term_string}"},"query-input":{"@type":"PropertyValueSpecification","valueRequired":true,"valueName":"search_term_string"}}],"inLanguage":"ro-RO"},{"@type":"Organization","@id":"https:\/\/futureisyouth.com\/#organization","name":"Tinerii sunt viitoru","url":"https:\/\/futureisyouth.com\/","logo":{"@type":"ImageObject","inLanguage":"ro-RO","@id":"https:\/\/futureisyouth.com\/#\/schema\/logo\/image\/","url":"https:\/\/futureisyouth.com\/wp-content\/uploads\/2022\/11\/future-is-youth-logo-horizontal.svg","contentUrl":"https:\/\/futureisyouth.com\/wp-content\/uploads\/2022\/11\/future-is-youth-logo-horizontal.svg","width":247,"height":74,"caption":"Future is YOUth"},"image":{"@id":"https:\/\/futureisyouth.com\/#\/schema\/logo\/image\/"},"sameAs":["https:\/\/www.facebook.com\/profile.php?id=100085002957834"]}]}},"_links":{"self":[{"href":"https:\/\/futureisyouth.com\/ro\/wp-json\/wp\/v2\/pages\/1053","targetHints":{"allow":["GET"]}}],"collection":[{"href":"https:\/\/futureisyouth.com\/ro\/wp-json\/wp\/v2\/pages"}],"about":[{"href":"https:\/\/futureisyouth.com\/ro\/wp-json\/wp\/v2\/types\/page"}],"author":[{"embeddable":true,"href":"https:\/\/futureisyouth.com\/ro\/wp-json\/wp\/v2\/users\/1"}],"replies":[{"embeddable":true,"href":"https:\/\/futureisyouth.com\/ro\/wp-json\/wp\/v2\/comments?post=1053"}],"version-history":[{"count":4,"href":"https:\/\/futureisyouth.com\/ro\/wp-json\/wp\/v2\/pages\/1053\/revisions"}],"predecessor-version":[{"id":1057,"href":"https:\/\/futureisyouth.com\/ro\/wp-json\/wp\/v2\/pages\/1053\/revisions\/1057"}],"wp:attachment":[{"href":"https:\/\/futureisyouth.com\/ro\/wp-json\/wp\/v2\/media?parent=1053"}],"curies":[{"name":"wp","href":"https:\/\/api.w.org\/{rel}","templated":true}]}}